{"id":7,"date":"2019-06-19T10:19:04","date_gmt":"2019-06-19T10:19:04","guid":{"rendered":"http:\/\/globalhunttechnologies.in\/global\/physioraluca\/?page_id=7"},"modified":"2023-04-08T15:50:39","modified_gmt":"2023-04-08T15:50:39","slug":"about-us","status":"publish","type":"page","link":"https:\/\/physioraluca.co.uk\/ro\/about-us\/","title":{"rendered":"Despre Noi"},"content":{"rendered":"<div data-elementor-type=\"wp-post\" data-elementor-id=\"7\" class=\"elementor elementor-7\" data-elementor-post-type=\"page\">\n\t\t\t\t\t\t<section class=\"elementor-section elementor-top-section elementor-element elementor-element-66f22263 elementor-section-content-middle elementor-section-boxed elementor-section-height-default elementor-section-height-default\" data-id=\"66f22263\" data-element_type=\"section\">\n\t\t\t\t\t\t<div class=\"elementor-container elementor-column-gap-default\">\n\t\t\t\t\t<div class=\"elementor-column elementor-col-50 elementor-top-column elementor-element elementor-element-535f99a2\" data-id=\"535f99a2\" data-element_type=\"column\">\n\t\t\t<div class=\"elementor-widget-wrap elementor-element-populated\">\n\t\t\t\t\t\t<div class=\"elementor-element elementor-element-70850bb elementor-widget elementor-widget-heading\" data-id=\"70850bb\" data-element_type=\"widget\" data-widget_type=\"heading.default\">\n\t\t\t\t<div class=\"elementor-widget-container\">\n\t\t\t<h2 class=\"elementor-heading-title elementor-size-default\">About Physio Raluca<\/h2>\t\t<\/div>\n\t\t\t\t<\/div>\n\t\t\t\t<div class=\"elementor-element elementor-element-25a32238 elementor-widget elementor-widget-text-editor\" data-id=\"25a32238\" data-element_type=\"widget\" data-widget_type=\"text-editor.default\">\n\t\t\t\t<div class=\"elementor-widget-container\">\n\t\t\t\t\t\t\t<p>Am \u00eenceput \u00een anul 2010, \u0219i suntem cunoscuti pentru furnizarea de \u00eengrijire de calitate \u00een care pute\u021bi avea \u00eencredere \u00een domenii de Fizioterapie, de S\u0103n\u0103tate \u0219i Medical Centre, Toate fizio speciali\u0219ti \u00een clinica noastr\u0103 sunt \u00eenchiriate \u0219i \u00eenregistrat\u0103 la HCPC.\nRaluca Dinu este medicul principali \u00een clinica noastr\u0103 absolvind  cu brio Universitatea de Medicina \u0219i Farmacie din Craiova jude\u021bul Dolj \u00een perioada 2002 - 2008 urm\u00e2nd cu succes \u0219i rezultate remarcabile masteratul  \u00een perioada 2008 - 2010 , ulterior urm\u00e2nd doctoratul cu rezultate deosebite .\nEXPERIENTA - 17 ani ca medic specialist in  recuperare medicala at\u00e2t \u00een Rom\u00e2nia \u0219i mai exact \u00een ora\u0219ul \u00een care a studiat ,,Craiova ,, pe care \u00eel iube\u0219te foarte mult c\u00e2t \u0219i \u00een Londra ,United Kingdom .Originalitate - N\u0103scut\u0103 \u00een 1983 \u00een Ora\u0219ul Bals  jude\u021bul OLT ,un or\u0103\u0219el mic frumos \u0219i prietenos \u00eentre Craiova \u0219i Slatina.<\/p><p>As per our tagline Get Up! Get Here! Get Better, We make sure our patients are comfortable and well informed while undergoing treatment.<\/p><p>You can refer yourself I.e. you do not need a doctor to refer you to us.<\/p><p>We accept referrals from Employers, Solicitors, Health Insurance companies, Occupational Health, Medical Reporting organisations, Intermediary<\/p>\t\t\t\t\t\t<\/div>\n\t\t\t\t<\/div>\n\t\t\t\t\t<\/div>\n\t\t<\/div>\n\t\t\t\t<div class=\"elementor-column elementor-col-50 elementor-top-column elementor-element elementor-element-6682ef29\" data-id=\"6682ef29\" data-element_type=\"column\">\n\t\t\t<div class=\"elementor-widget-wrap elementor-element-populated\">\n\t\t\t\t\t\t<div class=\"elementor-element elementor-element-62015a52 elementor-widget elementor-widget-image\" data-id=\"62015a52\" data-element_type=\"widget\" data-widget_type=\"image.default\">\n\t\t\t\t<div class=\"elementor-widget-container\">\n\t\t\t\t\t\t\t\t\t\t\t\t\t<img fetchpriority=\"high\" decoding=\"async\" width=\"750\" height=\"396\" src=\"https:\/\/physioraluca.co.uk\/wp-content\/uploads\/2023\/01\/FC8FB5DE-7610-4C76-909A-C03EA2E1018E_1_201_a.jpeg\" class=\"attachment-large size-large wp-image-443\" alt=\"\" srcset=\"https:\/\/physioraluca.co.uk\/wp-content\/uploads\/2023\/01\/FC8FB5DE-7610-4C76-909A-C03EA2E1018E_1_201_a.jpeg 750w, https:\/\/physioraluca.co.uk\/wp-content\/uploads\/2023\/01\/FC8FB5DE-7610-4C76-909A-C03EA2E1018E_1_201_a-300x158.jpeg 300w, https:\/\/physioraluca.co.uk\/wp-content\/uploads\/2023\/01\/FC8FB5DE-7610-4C76-909A-C03EA2E1018E_1_201_a-16x8.jpeg 16w\" sizes=\"(max-width: 750px) 85vw, 750px\" \/>\t\t\t\t\t\t\t\t\t\t\t\t\t<\/div>\n\t\t\t\t<\/div>\n\t\t\t\t\t<\/div>\n\t\t<\/div>\n\t\t\t\t\t<\/div>\n\t\t<\/section>\n\t\t\t\t<section class=\"elementor-section elementor-top-section elementor-element elementor-element-29239bc0 elementor-section-boxed elementor-section-height-default elementor-section-height-default\" data-id=\"29239bc0\" data-element_type=\"section\" data-settings=\"{&quot;background_background&quot;:&quot;gradient&quot;}\">\n\t\t\t\t\t\t\t<div class=\"elementor-background-overlay\"><\/div>\n\t\t\t\t\t\t\t<div class=\"elementor-container elementor-column-gap-default\">\n\t\t\t\t\t<div class=\"elementor-column elementor-col-100 elementor-top-column elementor-element elementor-element-1c56d517\" data-id=\"1c56d517\" data-element_type=\"column\">\n\t\t\t<div class=\"elementor-widget-wrap elementor-element-populated\">\n\t\t\t\t\t\t<div class=\"elementor-element elementor-element-5bbd0501 elementor-widget elementor-widget-heading\" data-id=\"5bbd0501\" data-element_type=\"widget\" data-widget_type=\"heading.default\">\n\t\t\t\t<div class=\"elementor-widget-container\">\n\t\t\t<h2 class=\"elementor-heading-title elementor-size-xxl\"><b>Consultare<\/b><\/h2>\t\t<\/div>\n\t\t\t\t<\/div>\n\t\t\t\t<div class=\"elementor-element elementor-element-5747b86 white elementor-widget elementor-widget-text-editor\" data-id=\"5747b86\" data-element_type=\"widget\" data-widget_type=\"text-editor.default\">\n\t\t\t\t<div class=\"elementor-widget-container\">\n\t\t\t\t\t\t\t<p>Leziuni sportive, Entorse \u0219i Tulpini dureri de spate, dureri de G\u00e2t, Whiplash \u0219i a problemelor asociate, Sciatica si tulburari de disc, cot de Tenis leziuni de Cartilaj, Medicin\u0103 vertij \u0219i ame\u021beli dureri de Genunchi, Entorse Glezna si picior probleme, sindromul de tunel Carpian \u0219i repetitive strain injury (RSI), Vi\u021bel Lacrimi, Congelate, Um\u0103r, Dureri de cap Tempotron \u0219i fibular tulbur\u0103ri articulare (ATM), a Pelvisului \u0219i Abdomenului durere de Probleme \u00een timpul sarcinii.<\/p>\t\t\t\t\t\t<\/div>\n\t\t\t\t<\/div>\n\t\t\t\t<div class=\"elementor-element elementor-element-68b6b2f8 elementor-align-center elementor-widget elementor-widget-button\" data-id=\"68b6b2f8\" data-element_type=\"widget\" data-widget_type=\"button.default\">\n\t\t\t\t<div class=\"elementor-widget-container\">\n\t\t\t\t\t\t\t<div class=\"elementor-button-wrapper\">\n\t\t\t\t\t<a class=\"elementor-button elementor-button-link elementor-size-md\" href=\"https:\/\/physioraluca.co.uk\/ro\/contact-us\/\">\n\t\t\t\t\t\t<span class=\"elementor-button-content-wrapper\">\n\t\t\t\t\t\t<span class=\"elementor-button-icon\">\n\t\t\t\t\t\t\t\t\t<i class=\"fa fa-long-arrow-right\" aria-hidden=\"true\"><\/i>\n\t\t\t\t\t\t\t<\/span>\n\t\t\t\t\t\t\t\t\t<span class=\"elementor-button-text\">Contact<\/span>\n\t\t\t\t\t<\/span>\n\t\t\t\t\t<\/a>\n\t\t\t\t<\/div>\n\t\t\t\t\t\t<\/div>\n\t\t\t\t<\/div>\n\t\t\t\t\t<\/div>\n\t\t<\/div>\n\t\t\t\t\t<\/div>\n\t\t<\/section>\n\t\t\t\t<section class=\"elementor-section elementor-top-section elementor-element elementor-element-099c9f2 elementor-section-boxed elementor-section-height-default elementor-section-height-default\" data-id=\"099c9f2\" data-element_type=\"section\">\n\t\t\t\t\t\t<div class=\"elementor-container elementor-column-gap-default\">\n\t\t\t\t\t<div class=\"elementor-column elementor-col-25 elementor-top-column elementor-element elementor-element-3a93641\" data-id=\"3a93641\" data-element_type=\"column\">\n\t\t\t<div class=\"elementor-widget-wrap elementor-element-populated\">\n\t\t\t\t\t\t<div class=\"elementor-element elementor-element-a5cfdd9 elementor-widget elementor-widget-image\" data-id=\"a5cfdd9\" data-element_type=\"widget\" data-widget_type=\"image.default\">\n\t\t\t\t<div class=\"elementor-widget-container\">\n\t\t\t\t\t\t\t\t\t\t\t\t\t<img decoding=\"async\" width=\"300\" height=\"150\" src=\"https:\/\/physioraluca.co.uk\/wp-content\/uploads\/2019\/06\/member-logo2.png\" class=\"attachment-large size-large wp-image-62\" alt=\"\" \/>\t\t\t\t\t\t\t\t\t\t\t\t\t<\/div>\n\t\t\t\t<\/div>\n\t\t\t\t\t<\/div>\n\t\t<\/div>\n\t\t\t\t<div class=\"elementor-column elementor-col-25 elementor-top-column elementor-element elementor-element-9b4d4e2\" data-id=\"9b4d4e2\" data-element_type=\"column\">\n\t\t\t<div class=\"elementor-widget-wrap elementor-element-populated\">\n\t\t\t\t\t\t<div class=\"elementor-element elementor-element-d8df669 elementor-widget elementor-widget-image\" data-id=\"d8df669\" data-element_type=\"widget\" data-widget_type=\"image.default\">\n\t\t\t\t<div class=\"elementor-widget-container\">\n\t\t\t\t\t\t\t\t\t\t\t\t\t<img decoding=\"async\" width=\"300\" height=\"150\" src=\"https:\/\/physioraluca.co.uk\/wp-content\/uploads\/2019\/06\/member-logo7.png\" class=\"attachment-large size-large wp-image-60\" alt=\"\" \/>\t\t\t\t\t\t\t\t\t\t\t\t\t<\/div>\n\t\t\t\t<\/div>\n\t\t\t\t\t<\/div>\n\t\t<\/div>\n\t\t\t\t<div class=\"elementor-column elementor-col-25 elementor-top-column elementor-element elementor-element-2ef50a7\" data-id=\"2ef50a7\" data-element_type=\"column\">\n\t\t\t<div class=\"elementor-widget-wrap elementor-element-populated\">\n\t\t\t\t\t\t<div class=\"elementor-element elementor-element-3ebfb9c elementor-widget elementor-widget-image\" data-id=\"3ebfb9c\" data-element_type=\"widget\" data-widget_type=\"image.default\">\n\t\t\t\t<div class=\"elementor-widget-container\">\n\t\t\t\t\t\t\t\t\t\t\t\t\t<img loading=\"lazy\" decoding=\"async\" width=\"300\" height=\"150\" src=\"https:\/\/physioraluca.co.uk\/wp-content\/uploads\/2019\/06\/apcp.jpg\" class=\"attachment-large size-large wp-image-209\" alt=\"\" \/>\t\t\t\t\t\t\t\t\t\t\t\t\t<\/div>\n\t\t\t\t<\/div>\n\t\t\t\t\t<\/div>\n\t\t<\/div>\n\t\t\t\t<div class=\"elementor-column elementor-col-25 elementor-top-column elementor-element elementor-element-5a7c1ac\" data-id=\"5a7c1ac\" data-element_type=\"column\">\n\t\t\t<div class=\"elementor-widget-wrap elementor-element-populated\">\n\t\t\t\t\t\t<div class=\"elementor-element elementor-element-3fea7ad elementor-widget elementor-widget-image\" data-id=\"3fea7ad\" data-element_type=\"widget\" data-widget_type=\"image.default\">\n\t\t\t\t<div class=\"elementor-widget-container\">\n\t\t\t\t\t\t\t\t\t\t\t\t\t<img loading=\"lazy\" decoding=\"async\" width=\"300\" height=\"150\" src=\"https:\/\/physioraluca.co.uk\/wp-content\/uploads\/2019\/06\/member-logo6.png\" class=\"attachment-large size-large wp-image-66\" alt=\"\" \/>\t\t\t\t\t\t\t\t\t\t\t\t\t<\/div>\n\t\t\t\t<\/div>\n\t\t\t\t\t<\/div>\n\t\t<\/div>\n\t\t\t\t\t<\/div>\n\t\t<\/section>\n\t\t\t\t<section class=\"elementor-section elementor-top-section elementor-element elementor-element-5cf783f elementor-section-boxed elementor-section-height-default elementor-section-height-default\" data-id=\"5cf783f\" data-element_type=\"section\">\n\t\t\t\t\t\t<div class=\"elementor-container elementor-column-gap-default\">\n\t\t\t\t\t<div class=\"elementor-column elementor-col-25 elementor-top-column elementor-element elementor-element-13ca4bc\" data-id=\"13ca4bc\" data-element_type=\"column\">\n\t\t\t<div class=\"elementor-widget-wrap elementor-element-populated\">\n\t\t\t\t\t\t<div class=\"elementor-element elementor-element-e9c497b elementor-widget elementor-widget-image\" data-id=\"e9c497b\" data-element_type=\"widget\" data-widget_type=\"image.default\">\n\t\t\t\t<div class=\"elementor-widget-container\">\n\t\t\t\t\t\t\t\t\t\t\t\t\t<img loading=\"lazy\" decoding=\"async\" width=\"300\" height=\"150\" src=\"https:\/\/physioraluca.co.uk\/wp-content\/uploads\/2019\/06\/member-logo5.png\" class=\"attachment-large size-large wp-image-65\" alt=\"\" \/>\t\t\t\t\t\t\t\t\t\t\t\t\t<\/div>\n\t\t\t\t<\/div>\n\t\t\t\t\t<\/div>\n\t\t<\/div>\n\t\t\t\t<div class=\"elementor-column elementor-col-25 elementor-top-column elementor-element elementor-element-2c0b4f4\" data-id=\"2c0b4f4\" data-element_type=\"column\">\n\t\t\t<div class=\"elementor-widget-wrap elementor-element-populated\">\n\t\t\t\t\t\t<div class=\"elementor-element elementor-element-f882990 elementor-widget elementor-widget-image\" data-id=\"f882990\" data-element_type=\"widget\" data-widget_type=\"image.default\">\n\t\t\t\t<div class=\"elementor-widget-container\">\n\t\t\t\t\t\t\t\t\t\t\t\t\t<img loading=\"lazy\" decoding=\"async\" width=\"300\" height=\"150\" src=\"https:\/\/physioraluca.co.uk\/wp-content\/uploads\/2019\/06\/member-logo.png\" class=\"attachment-large size-large wp-image-61\" alt=\"\" \/>\t\t\t\t\t\t\t\t\t\t\t\t\t<\/div>\n\t\t\t\t<\/div>\n\t\t\t\t\t<\/div>\n\t\t<\/div>\n\t\t\t\t<div class=\"elementor-column elementor-col-25 elementor-top-column elementor-element elementor-element-be9c41a\" data-id=\"be9c41a\" data-element_type=\"column\">\n\t\t\t<div class=\"elementor-widget-wrap elementor-element-populated\">\n\t\t\t\t\t\t<div class=\"elementor-element elementor-element-b31d386 elementor-widget elementor-widget-image\" data-id=\"b31d386\" data-element_type=\"widget\" data-widget_type=\"image.default\">\n\t\t\t\t<div class=\"elementor-widget-container\">\n\t\t\t\t\t\t\t\t\t\t\t\t\t<img loading=\"lazy\" decoding=\"async\" width=\"300\" height=\"150\" src=\"https:\/\/physioraluca.co.uk\/wp-content\/uploads\/2019\/06\/member-logo3.png\" class=\"attachment-large size-large wp-image-63\" alt=\"\" \/>\t\t\t\t\t\t\t\t\t\t\t\t\t<\/div>\n\t\t\t\t<\/div>\n\t\t\t\t\t<\/div>\n\t\t<\/div>\n\t\t\t\t<div class=\"elementor-column elementor-col-25 elementor-top-column elementor-element elementor-element-3457b93\" data-id=\"3457b93\" data-element_type=\"column\">\n\t\t\t<div class=\"elementor-widget-wrap elementor-element-populated\">\n\t\t\t\t\t\t<div class=\"elementor-element elementor-element-fbc9d25 elementor-widget elementor-widget-image\" data-id=\"fbc9d25\" data-element_type=\"widget\" data-widget_type=\"image.default\">\n\t\t\t\t<div class=\"elementor-widget-container\">\n\t\t\t\t\t\t\t\t\t\t\t\t\t<img loading=\"lazy\" decoding=\"async\" width=\"286\" height=\"176\" src=\"https:\/\/physioraluca.co.uk\/wp-content\/uploads\/2023\/04\/53202D2D-BB8B-479D-A953-EC2C672D3A21_4_5005_c.jpeg\" class=\"attachment-large size-large wp-image-568\" alt=\"\" srcset=\"https:\/\/physioraluca.co.uk\/wp-content\/uploads\/2023\/04\/53202D2D-BB8B-479D-A953-EC2C672D3A21_4_5005_c.jpeg 286w, https:\/\/physioraluca.co.uk\/wp-content\/uploads\/2023\/04\/53202D2D-BB8B-479D-A953-EC2C672D3A21_4_5005_c-16x10.jpeg 16w\" sizes=\"(max-width: 286px) 85vw, 286px\" \/>\t\t\t\t\t\t\t\t\t\t\t\t\t<\/div>\n\t\t\t\t<\/div>\n\t\t\t\t\t<\/div>\n\t\t<\/div>\n\t\t\t\t\t<\/div>\n\t\t<\/section>\n\t\t\t\t<section class=\"elementor-section elementor-top-section elementor-element elementor-element-cdbc8b9 elementor-section-boxed elementor-section-height-default elementor-section-height-default\" data-id=\"cdbc8b9\" data-element_type=\"section\">\n\t\t\t\t\t\t<div class=\"elementor-container elementor-column-gap-default\">\n\t\t\t\t\t<div class=\"elementor-column elementor-col-100 elementor-top-column elementor-element elementor-element-7f77163\" data-id=\"7f77163\" data-element_type=\"column\">\n\t\t\t<div class=\"elementor-widget-wrap elementor-element-populated\">\n\t\t\t\t\t\t<div class=\"elementor-element elementor-element-1f04dec elementor-widget elementor-widget-google_maps\" data-id=\"1f04dec\" data-element_type=\"widget\" data-widget_type=\"google_maps.default\">\n\t\t\t\t<div class=\"elementor-widget-container\">\n\t\t\t\t\t<div class=\"elementor-custom-embed\">\n\t\t\t<iframe loading=\"lazy\"\n\t\t\t\t\tsrc=\"https:\/\/maps.google.com\/maps?q=Physio%20Raluca&#038;t=m&#038;z=10&#038;output=embed&#038;iwloc=near\"\n\t\t\t\t\ttitle=\"Fizio Raluca\"\n\t\t\t\t\taria-label=\"Fizio Raluca\"\n\t\t\t><\/iframe>\n\t\t<\/div>\n\t\t\t\t<\/div>\n\t\t\t\t<\/div>\n\t\t\t\t\t<\/div>\n\t\t<\/div>\n\t\t\t\t\t<\/div>\n\t\t<\/section>\n\t\t\t\t<\/div>","protected":false},"excerpt":{"rendered":"<p>About Physio Raluca We started in year 2010, and are known for providing the quality care that you can trust in the fields of Physiotherapy, Health and Medical Centre, All of the physio specialists in our clinic are chartered and registered with the HCPC. As per our tagline Get Up! Get Here! Get Better, We &hellip; <a href=\"https:\/\/physioraluca.co.uk\/ro\/about-us\/\" class=\"more-link\">Continu\u0103 lectura<span class=\"screen-reader-text\"> &#8220;About Us&#8221;<\/span><\/a><\/p>","protected":false},"author":1,"featured_media":0,"parent":0,"menu_order":0,"comment_status":"closed","ping_status":"closed","template":"","meta":{"footnotes":""},"class_list":["post-7","page","type-page","status-publish","hentry"],"_links":{"self":[{"href":"https:\/\/physioraluca.co.uk\/ro\/wp-json\/wp\/v2\/pages\/7","targetHints":{"allow":["GET"]}}],"collection":[{"href":"https:\/\/physioraluca.co.uk\/ro\/wp-json\/wp\/v2\/pages"}],"about":[{"href":"https:\/\/physioraluca.co.uk\/ro\/wp-json\/wp\/v2\/types\/page"}],"author":[{"embeddable":true,"href":"https:\/\/physioraluca.co.uk\/ro\/wp-json\/wp\/v2\/users\/1"}],"replies":[{"embeddable":true,"href":"https:\/\/physioraluca.co.uk\/ro\/wp-json\/wp\/v2\/comments?post=7"}],"version-history":[{"count":33,"href":"https:\/\/physioraluca.co.uk\/ro\/wp-json\/wp\/v2\/pages\/7\/revisions"}],"predecessor-version":[{"id":600,"href":"https:\/\/physioraluca.co.uk\/ro\/wp-json\/wp\/v2\/pages\/7\/revisions\/600"}],"wp:attachment":[{"href":"https:\/\/physioraluca.co.uk\/ro\/wp-json\/wp\/v2\/media?parent=7"}],"curies":[{"name":"wp","href":"https:\/\/api.w.org\/{rel}","templated":true}]}}