{"id":278,"date":"2020-10-10T17:05:37","date_gmt":"2020-10-10T17:05:37","guid":{"rendered":"http:\/\/physioraluca.co.uk\/?page_id=278"},"modified":"2023-04-01T15:53:55","modified_gmt":"2023-04-01T15:53:55","slug":"shockwave-therapy","status":"publish","type":"page","link":"https:\/\/physioraluca.co.uk\/ro\/shockwave-therapy\/","title":{"rendered":"Terapia Shockwave"},"content":{"rendered":"<div data-elementor-type=\"wp-post\" data-elementor-id=\"278\" class=\"elementor elementor-278\" data-elementor-post-type=\"page\">\n\t\t\t\t\t\t<section class=\"elementor-section elementor-top-section elementor-element elementor-element-22751b4 elementor-section-boxed elementor-section-height-default elementor-section-height-default\" data-id=\"22751b4\" data-element_type=\"section\">\n\t\t\t\t\t\t<div class=\"elementor-container elementor-column-gap-default\">\n\t\t\t\t\t<div class=\"elementor-column elementor-col-50 elementor-top-column elementor-element elementor-element-75e6901\" data-id=\"75e6901\" data-element_type=\"column\">\n\t\t\t<div class=\"elementor-widget-wrap elementor-element-populated\">\n\t\t\t\t\t\t<div class=\"elementor-element elementor-element-267ad05 elementor-widget elementor-widget-heading\" data-id=\"267ad05\" data-element_type=\"widget\" data-widget_type=\"heading.default\">\n\t\t\t\t<div class=\"elementor-widget-container\">\n\t\t\t<h2 class=\"elementor-heading-title elementor-size-default\">SHOCKWAVE THERAPY<\/h2>\t\t<\/div>\n\t\t\t\t<\/div>\n\t\t\t\t<div class=\"elementor-element elementor-element-a99edb1 elementor-widget elementor-widget-icon-box\" data-id=\"a99edb1\" data-element_type=\"widget\" data-widget_type=\"icon-box.default\">\n\t\t\t\t<div class=\"elementor-widget-container\">\n\t\t\t\t\t<div class=\"elementor-icon-box-wrapper\">\n\n\t\t\t\n\t\t\t\t\t\t<div class=\"elementor-icon-box-content\">\n\n\t\t\t\t\t\t\t\t\t<h1 class=\"elementor-icon-box-title\">\n\t\t\t\t\t\t<span  >\n\t\t\t\t\t\t\tCum functioneaza terapia Shockwave?\t\t\t\t\t\t<\/span>\n\t\t\t\t\t<\/h1>\n\t\t\t\t\n\t\t\t\t\t\t\t\t\t<p class=\"elementor-icon-box-description\">\n\t\t\t\t\t\tDenumit\u0103 \u0219i -terapia durerii-, terapia (shockwave) cu  unde soc  folose\u0219te  undele de  \u0219oc  pentru  a  trata  afec\u021biuni  cronice  sau acute  ale  muschilor ,  tendoanelo r, ligamentelor  \u0219i  articulatiilo , pentru  refacerea circulatiei  sangelui  \u0219i  pentru  drenajul limfatic.\nDenumirea de \u201eterapia durerii\u201d este dat\u0103 de efectul antialgic care ac\u021bioneaz\u0103 rapid, rezultatele fiind vizibile, in unele cazuri, chiar dup\u0103 prima \u0219edin\u021b\u0103.\n\nDescoperita ca efect cu totul intamplator in timpul tratamentelor impotriva calculilor renali, in anii '80 , terapia Shockwave a ajuns apoi foarte repede in centrele de cercetare, unde s-au realizat apoi studii ample privind efectele extraordinare ale acestei metode de tratament.\n\nAstfel, cercetarile efectuate initial pe animale au aratat ca ESWT ar rol in stimularea osteogenezei si vindecarea fracturilor. In scurt timp, terapia cu unde soc si-a aratat beneficiile si pe fracturile scheletului uman, dar cercetarile au inclus destul de repede tendinopatiile si ligamentopatiile membrelor superioare si inferioare, leziunile sau depunerile de calciu din aceste structuri, a tuturor tesuturilor moi asociate.\t\t\t\t\t<\/p>\n\t\t\t\t\n\t\t\t<\/div>\n\t\t\t\n\t\t<\/div>\n\t\t\t\t<\/div>\n\t\t\t\t<\/div>\n\t\t\t\t<div class=\"elementor-element elementor-element-4980a50 elementor-widget elementor-widget-spacer\" data-id=\"4980a50\" data-element_type=\"widget\" data-widget_type=\"spacer.default\">\n\t\t\t\t<div class=\"elementor-widget-container\">\n\t\t\t\t\t<div class=\"elementor-spacer\">\n\t\t\t<div class=\"elementor-spacer-inner\"><\/div>\n\t\t<\/div>\n\t\t\t\t<\/div>\n\t\t\t\t<\/div>\n\t\t\t\t\t<\/div>\n\t\t<\/div>\n\t\t\t\t<div class=\"elementor-column elementor-col-50 elementor-top-column elementor-element elementor-element-f244a11\" data-id=\"f244a11\" data-element_type=\"column\">\n\t\t\t<div class=\"elementor-widget-wrap elementor-element-populated\">\n\t\t\t\t\t\t<div class=\"elementor-element elementor-element-da3bb96 elementor-widget elementor-widget-image\" data-id=\"da3bb96\" data-element_type=\"widget\" data-widget_type=\"image.default\">\n\t\t\t\t<div class=\"elementor-widget-container\">\n\t\t\t\t\t\t\t\t\t\t\t\t\t<img fetchpriority=\"high\" decoding=\"async\" width=\"700\" height=\"800\" src=\"https:\/\/physioraluca.co.uk\/wp-content\/uploads\/2023\/01\/2930FE40-8269-465F-AE8C-AD89126DEF26.jpeg\" class=\"attachment-large size-large wp-image-448\" alt=\"\" srcset=\"https:\/\/physioraluca.co.uk\/wp-content\/uploads\/2023\/01\/2930FE40-8269-465F-AE8C-AD89126DEF26.jpeg 700w, https:\/\/physioraluca.co.uk\/wp-content\/uploads\/2023\/01\/2930FE40-8269-465F-AE8C-AD89126DEF26-263x300.jpeg 263w, https:\/\/physioraluca.co.uk\/wp-content\/uploads\/2023\/01\/2930FE40-8269-465F-AE8C-AD89126DEF26-11x12.jpeg 11w\" sizes=\"(max-width: 700px) 85vw, 700px\" \/>\t\t\t\t\t\t\t\t\t\t\t\t\t<\/div>\n\t\t\t\t<\/div>\n\t\t\t\t\t<\/div>\n\t\t<\/div>\n\t\t\t\t\t<\/div>\n\t\t<\/section>\n\t\t\t\t<section class=\"elementor-section elementor-top-section elementor-element elementor-element-555b304 elementor-section-boxed elementor-section-height-default elementor-section-height-default\" data-id=\"555b304\" data-element_type=\"section\">\n\t\t\t\t\t\t<div class=\"elementor-container elementor-column-gap-default\">\n\t\t\t\t\t<div class=\"elementor-column elementor-col-50 elementor-top-column elementor-element elementor-element-e86d86b\" data-id=\"e86d86b\" data-element_type=\"column\">\n\t\t\t<div class=\"elementor-widget-wrap elementor-element-populated\">\n\t\t\t\t\t\t<div class=\"elementor-element elementor-element-1132d26 elementor-widget elementor-widget-image\" data-id=\"1132d26\" data-element_type=\"widget\" data-widget_type=\"image.default\">\n\t\t\t\t<div class=\"elementor-widget-container\">\n\t\t\t\t\t\t\t\t\t\t\t\t\t<img decoding=\"async\" width=\"768\" height=\"432\" src=\"https:\/\/physioraluca.co.uk\/wp-content\/uploads\/2023\/01\/8F799516-2CF4-4E56-933F-A65B3C3894FA-768x432.jpeg\" class=\"attachment-medium_large size-medium_large wp-image-451\" alt=\"\" srcset=\"https:\/\/physioraluca.co.uk\/wp-content\/uploads\/2023\/01\/8F799516-2CF4-4E56-933F-A65B3C3894FA-768x432.jpeg 768w, https:\/\/physioraluca.co.uk\/wp-content\/uploads\/2023\/01\/8F799516-2CF4-4E56-933F-A65B3C3894FA-300x169.jpeg 300w, https:\/\/physioraluca.co.uk\/wp-content\/uploads\/2023\/01\/8F799516-2CF4-4E56-933F-A65B3C3894FA-1024x576.jpeg 1024w, https:\/\/physioraluca.co.uk\/wp-content\/uploads\/2023\/01\/8F799516-2CF4-4E56-933F-A65B3C3894FA-1536x864.jpeg 1536w, https:\/\/physioraluca.co.uk\/wp-content\/uploads\/2023\/01\/8F799516-2CF4-4E56-933F-A65B3C3894FA-16x9.jpeg 16w, https:\/\/physioraluca.co.uk\/wp-content\/uploads\/2023\/01\/8F799516-2CF4-4E56-933F-A65B3C3894FA-1200x675.jpeg 1200w, https:\/\/physioraluca.co.uk\/wp-content\/uploads\/2023\/01\/8F799516-2CF4-4E56-933F-A65B3C3894FA.jpeg 1920w\" sizes=\"(max-width: 768px) 85vw, 768px\" \/>\t\t\t\t\t\t\t\t\t\t\t\t\t<\/div>\n\t\t\t\t<\/div>\n\t\t\t\t<div class=\"elementor-element elementor-element-704efbd elementor-widget elementor-widget-text-editor\" data-id=\"704efbd\" data-element_type=\"widget\" data-widget_type=\"text-editor.default\">\n\t\t\t\t<div class=\"elementor-widget-container\">\n\t\t\t\t\t\t\t<ul>\n<li><span class=\"S1PPyQ\">spasmul muscular acut<\/span><\/li>\n<li><span class=\"S1PPyQ\">achilodinia<\/span><\/li>\n<li><span class=\"S1PPyQ\">osteofitoz\u0103 calcanean\u0103, fasciit\u0103 plantar\u0103<\/span><\/li>\n<li><span class=\"S1PPyQ\">calcifiere extraarticular\u0103<\/span><\/li>\n<li><span class=\"S1PPyQ\">sindromul de tunel carpian<\/span><\/li>\n<li><span class=\"S1PPyQ\">oxostoza articula\u021biilor mici ale m\u00e2inii \u00een cazul artrozei de gradul I<\/span><\/li>\n<li><span class=\"S1PPyQ\">accelerarea vindec\u0103rii<\/span><\/li>\n<li><span class=\"S1PPyQ\">artroza genunchiului<\/span><\/li>\n<li><span class=\"S1PPyQ\">dureri \u00een zona lombar\u0103 inferioar\u0103<\/span><\/li>\n<li><span class=\"S1PPyQ\">regenerarea muscular\u0103<\/span><\/li>\n<li><span class=\"S1PPyQ\">\u00eentinderea muscular\u0103<\/span><\/li>\n<li><span class=\"S1PPyQ\">dureri \u00een zona \u0219oldului \u0219i a tractului ileotibial<\/span><\/li>\n<li><span class=\"S1PPyQ\">dureri \u00een zona inghinal\u0103<\/span><\/li>\n<li><span class=\"S1PPyQ\">dureri \u00een zona inser\u021biilor tendoanelor poplitee<\/span><\/li>\n<li><span class=\"S1PPyQ\">dureri pe partea palmar\u0103 a \u00eencheieturii m\u00e2inii<\/span><\/li>\n<li><span class=\"S1PPyQ\">dureri la nivelul um\u0103rului ( calcifieri, tendinite<\/span><\/li>\n<\/ul>\n<p class=\"_04xlpA direction-ltr align-justify para-style-body\"><span class=\"S1PPyQ\">&nbsp; &nbsp; &nbsp; &nbsp; &nbsp; &nbsp; SINDROMUL DE IMPINGEMENT AL UM\u0102RULUI)<\/span><\/p>\n<p><span class=\"S1PPyQ\">&nbsp; &nbsp; &nbsp; &nbsp; &nbsp; &nbsp; tendinit\u0103 patelar\u0103 (genunchiul s\u0103ritorului)<\/span><\/p>\n<ul>\n<li><span class=\"S1PPyQ\">pseudoartroza<\/span><\/li>\n<li><span class=\"S1PPyQ\">epicondilita radial\u0103\/ulnar\u0103<\/span><\/li>\n<li><span class=\"S1PPyQ\">durerile articula\u021biei sacroiliace<\/span><\/li>\n<li><span class=\"S1PPyQ\">spondilita anchilozant\u0103 &#8211; boala Bechterew<\/span><\/li>\n<li><span class=\"S1PPyQ\">stimularea punctelor de acupunctur\u0103<\/span><\/li>\n<li><span class=\"S1PPyQ\">sindromul tibial anterior<\/span><\/li>\n<li><span class=\"S1PPyQ\">spasticitate musculara<\/span><\/li>\n<li><span class=\"S1PPyQ\">punctele dureroase<\/span><\/li>\n<\/ul>\t\t\t\t\t\t<\/div>\n\t\t\t\t<\/div>\n\t\t\t\t\t<\/div>\n\t\t<\/div>\n\t\t\t\t<div class=\"elementor-column elementor-col-50 elementor-top-column elementor-element elementor-element-9bec94f\" data-id=\"9bec94f\" data-element_type=\"column\">\n\t\t\t<div class=\"elementor-widget-wrap elementor-element-populated\">\n\t\t\t\t\t\t<div class=\"elementor-element elementor-element-631be54 elementor-widget elementor-widget-image\" data-id=\"631be54\" data-element_type=\"widget\" data-widget_type=\"image.default\">\n\t\t\t\t<div class=\"elementor-widget-container\">\n\t\t\t\t\t\t\t\t\t\t\t\t\t<img decoding=\"async\" width=\"640\" height=\"423\" src=\"https:\/\/physioraluca.co.uk\/wp-content\/uploads\/2023\/01\/E86794BD-84DA-4D8B-829A-7CE34E23489D.jpeg\" class=\"attachment-large size-large wp-image-449\" alt=\"\" srcset=\"https:\/\/physioraluca.co.uk\/wp-content\/uploads\/2023\/01\/E86794BD-84DA-4D8B-829A-7CE34E23489D.jpeg 640w, https:\/\/physioraluca.co.uk\/wp-content\/uploads\/2023\/01\/E86794BD-84DA-4D8B-829A-7CE34E23489D-300x198.jpeg 300w, https:\/\/physioraluca.co.uk\/wp-content\/uploads\/2023\/01\/E86794BD-84DA-4D8B-829A-7CE34E23489D-16x12.jpeg 16w\" sizes=\"(max-width: 640px) 85vw, 640px\" \/>\t\t\t\t\t\t\t\t\t\t\t\t\t<\/div>\n\t\t\t\t<\/div>\n\t\t\t\t<div class=\"elementor-element elementor-element-8bf4e54 elementor-widget elementor-widget-icon-box\" data-id=\"8bf4e54\" data-element_type=\"widget\" data-widget_type=\"icon-box.default\">\n\t\t\t\t<div class=\"elementor-widget-container\">\n\t\t\t\t\t<div class=\"elementor-icon-box-wrapper\">\n\n\t\t\t\n\t\t\t\t\t\t<div class=\"elementor-icon-box-content\">\n\n\t\t\t\t\n\t\t\t\t\t\t\t\t\t<p class=\"elementor-icon-box-description\">\n\t\t\t\t\t\tUnda de soc este o perturbare temporara a presiunii care se propaga rapid, tridimensional, in spatiu. Apare, de fapt, o tensiune si crestere brusca (in decurs de nanosecunde) a presiunii, plus fenomenul de cavitatie, ca urmare a fazei negative de propagare a undei dupa faza initiala, pozitiva.\n\nDe exemplu, pentru fracturi sau fisuri osoase, unda de soc directa si efectul indirect de cavitatie provoaca un hematom microscopic si distrugere de celule in focarul tratat, urmate imediat de reactia sanatoasa de stimularea formarii de tesut nou osos.\n\nLa ora actuala, fizicii de baza a undelor de soc li se asociaza unii parametri fizici implicati \u00een evaluarea cantitatii de energie furnizata tesutului tinta. In paralel, compara diferitele dispozitive cu energie inalta si scazuta in vederea evaluarilor clinice pentru utilizarea in afectiunile musculo-scheletice.\t\t\t\t\t<\/p>\n\t\t\t\t\n\t\t\t<\/div>\n\t\t\t\n\t\t<\/div>\n\t\t\t\t<\/div>\n\t\t\t\t<\/div>\n\t\t\t\t<div class=\"elementor-element elementor-element-eee3409 elementor-widget elementor-widget-spacer\" data-id=\"eee3409\" data-element_type=\"widget\" data-widget_type=\"spacer.default\">\n\t\t\t\t<div class=\"elementor-widget-container\">\n\t\t\t\t\t<div class=\"elementor-spacer\">\n\t\t\t<div class=\"elementor-spacer-inner\"><\/div>\n\t\t<\/div>\n\t\t\t\t<\/div>\n\t\t\t\t<\/div>\n\t\t\t\t\t<\/div>\n\t\t<\/div>\n\t\t\t\t\t<\/div>\n\t\t<\/section>\n\t\t\t\t<section class=\"elementor-section elementor-top-section elementor-element elementor-element-e4a7da1 elementor-section-boxed elementor-section-height-default elementor-section-height-default\" data-id=\"e4a7da1\" data-element_type=\"section\">\n\t\t\t\t\t\t<div class=\"elementor-container elementor-column-gap-default\">\n\t\t\t\t\t<div class=\"elementor-column elementor-col-100 elementor-top-column elementor-element elementor-element-3c3a72d\" data-id=\"3c3a72d\" data-element_type=\"column\">\n\t\t\t<div class=\"elementor-widget-wrap\">\n\t\t\t\t\t\t\t<\/div>\n\t\t<\/div>\n\t\t\t\t\t<\/div>\n\t\t<\/section>\n\t\t\t\t<\/div>","protected":false},"excerpt":{"rendered":"<p>SHOCKWAVE THERAPY Cum functioneaza terapia Shockwave? Denumit\u0103 \u0219i -terapia durerii-, terapia (shockwave) cu unde soc folose\u0219te undele de \u0219oc pentru a trata afec\u021biuni cronice sau acute ale muschilor , tendoanelo r, ligamentelor \u0219i articulatiilo , pentru refacerea circulatiei sangelui \u0219i pentru drenajul limfatic. Denumirea de \u201eterapia durerii\u201d este dat\u0103 de efectul antialgic care ac\u021bioneaz\u0103 rapid, &hellip; <a href=\"https:\/\/physioraluca.co.uk\/ro\/shockwave-therapy\/\" class=\"more-link\">Continu\u0103 lectura<span class=\"screen-reader-text\"> &#8220;Shockwave Therapy&#8221;<\/span><\/a><\/p>","protected":false},"author":1,"featured_media":0,"parent":0,"menu_order":0,"comment_status":"closed","ping_status":"closed","template":"","meta":{"footnotes":""},"class_list":["post-278","page","type-page","status-publish","hentry"],"_links":{"self":[{"href":"https:\/\/physioraluca.co.uk\/ro\/wp-json\/wp\/v2\/pages\/278","targetHints":{"allow":["GET"]}}],"collection":[{"href":"https:\/\/physioraluca.co.uk\/ro\/wp-json\/wp\/v2\/pages"}],"about":[{"href":"https:\/\/physioraluca.co.uk\/ro\/wp-json\/wp\/v2\/types\/page"}],"author":[{"embeddable":true,"href":"https:\/\/physioraluca.co.uk\/ro\/wp-json\/wp\/v2\/users\/1"}],"replies":[{"embeddable":true,"href":"https:\/\/physioraluca.co.uk\/ro\/wp-json\/wp\/v2\/comments?post=278"}],"version-history":[{"count":19,"href":"https:\/\/physioraluca.co.uk\/ro\/wp-json\/wp\/v2\/pages\/278\/revisions"}],"predecessor-version":[{"id":548,"href":"https:\/\/physioraluca.co.uk\/ro\/wp-json\/wp\/v2\/pages\/278\/revisions\/548"}],"wp:attachment":[{"href":"https:\/\/physioraluca.co.uk\/ro\/wp-json\/wp\/v2\/media?parent=278"}],"curies":[{"name":"wp","href":"https:\/\/api.w.org\/{rel}","templated":true}]}}