{"id":10,"date":"2019-06-19T10:19:23","date_gmt":"2019-06-19T10:19:23","guid":{"rendered":"http:\/\/globalhunttechnologies.in\/global\/physioraluca\/?page_id=10"},"modified":"2019-06-21T10:57:49","modified_gmt":"2019-06-21T10:57:49","slug":"physical-therapy-for-athletes","status":"publish","type":"page","link":"https:\/\/physioraluca.co.uk\/ro\/physical-therapy-for-athletes\/","title":{"rendered":"Terapie fizic\u0103 pentru Sportivi"},"content":{"rendered":"<div data-elementor-type=\"wp-post\" data-elementor-id=\"10\" class=\"elementor elementor-10\" data-elementor-post-type=\"page\">\n\t\t\t\t\t\t<section class=\"elementor-section elementor-top-section elementor-element elementor-element-232faaf3 elementor-section-content-middle elementor-reverse-mobile elementor-section-boxed elementor-section-height-default elementor-section-height-default\" data-id=\"232faaf3\" data-element_type=\"section\" data-settings=\"{&quot;background_background&quot;:&quot;classic&quot;}\">\n\t\t\t\t\t\t<div class=\"elementor-container elementor-column-gap-default\">\n\t\t\t\t\t<div class=\"elementor-column elementor-col-50 elementor-top-column elementor-element elementor-element-1acff03a\" data-id=\"1acff03a\" data-element_type=\"column\">\n\t\t\t<div class=\"elementor-widget-wrap elementor-element-populated\">\n\t\t\t\t\t\t<div class=\"elementor-element elementor-element-1125a0f9 elementor-view-stacked elementor-position-left elementor-shape-circle elementor-mobile-position-top elementor-vertical-align-top elementor-widget elementor-widget-icon-box\" data-id=\"1125a0f9\" data-element_type=\"widget\" data-widget_type=\"icon-box.default\">\n\t\t\t\t<div class=\"elementor-widget-container\">\n\t\t\t\t\t<div class=\"elementor-icon-box-wrapper\">\n\n\t\t\t\t\t\t<div class=\"elementor-icon-box-icon\">\n\t\t\t\t<span  class=\"elementor-icon elementor-animation-\">\n\t\t\t\t<i class=\"fa fa-connectdevelop\" aria-hidden=\"true\"><\/i>\t\t\t\t<\/span>\n\t\t\t<\/div>\n\t\t\t\n\t\t\t\t\t\t<div class=\"elementor-icon-box-content\">\n\n\t\t\t\t\t\t\t\t\t<h3 class=\"elementor-icon-box-title\">\n\t\t\t\t\t\t<span  >\n\t\t\t\t\t\t\tPentru cine este ?\t\t\t\t\t\t<\/span>\n\t\t\t\t\t<\/h3>\n\t\t\t\t\n\t\t\t\t\t\t\t\t\t<p class=\"elementor-icon-box-description\">\n\t\t\t\t\t\tCursul se adreseaz\u0103 oric\u0103rei persoane care dore\u0219te s\u0103 creeze site-uri pe cont propriu, \u0219i, eventual, de lucru ca freelancer sau angajat \u00een domeniul web design \u0219i dezvoltare. Acoperim totul, astfel \u00eenc\u00e2t, chiar dac\u0103 n-ai v\u0103zut cod HTML \u00een via\u021ba ta, vei fi capabil de a sari repede \u00een.\t\t\t\t\t<\/p>\n\t\t\t\t\n\t\t\t<\/div>\n\t\t\t\n\t\t<\/div>\n\t\t\t\t<\/div>\n\t\t\t\t<\/div>\n\t\t\t\t\t<\/div>\n\t\t<\/div>\n\t\t\t\t<div class=\"elementor-column elementor-col-50 elementor-top-column elementor-element elementor-element-7c857ec2\" data-id=\"7c857ec2\" data-element_type=\"column\">\n\t\t\t<div class=\"elementor-widget-wrap elementor-element-populated\">\n\t\t\t\t\t\t<div class=\"elementor-element elementor-element-3871a74 elementor-widget elementor-widget-image\" data-id=\"3871a74\" data-element_type=\"widget\" data-widget_type=\"image.default\">\n\t\t\t\t<div class=\"elementor-widget-container\">\n\t\t\t\t\t\t\t\t\t\t\t\t\t<img fetchpriority=\"high\" decoding=\"async\" width=\"800\" height=\"600\" src=\"https:\/\/physioraluca.co.uk\/wp-content\/uploads\/2019\/06\/6.jpg\" class=\"attachment-large size-large wp-image-163\" alt=\"\" srcset=\"https:\/\/physioraluca.co.uk\/wp-content\/uploads\/2019\/06\/6.jpg 800w, https:\/\/physioraluca.co.uk\/wp-content\/uploads\/2019\/06\/6-300x225.jpg 300w, https:\/\/physioraluca.co.uk\/wp-content\/uploads\/2019\/06\/6-768x576.jpg 768w\" sizes=\"(max-width: 800px) 85vw, 800px\" \/>\t\t\t\t\t\t\t\t\t\t\t\t\t<\/div>\n\t\t\t\t<\/div>\n\t\t\t\t\t<\/div>\n\t\t<\/div>\n\t\t\t\t\t<\/div>\n\t\t<\/section>\n\t\t\t\t<section class=\"elementor-section elementor-top-section elementor-element elementor-element-5ce5f6e0 elementor-section-content-middle elementor-section-boxed elementor-section-height-default elementor-section-height-default\" data-id=\"5ce5f6e0\" data-element_type=\"section\" data-settings=\"{&quot;background_background&quot;:&quot;classic&quot;}\">\n\t\t\t\t\t\t<div class=\"elementor-container elementor-column-gap-no\">\n\t\t\t\t\t<div class=\"elementor-column elementor-col-50 elementor-top-column elementor-element elementor-element-47fb2e8d\" data-id=\"47fb2e8d\" data-element_type=\"column\">\n\t\t\t<div class=\"elementor-widget-wrap elementor-element-populated\">\n\t\t\t\t\t\t<div class=\"elementor-element elementor-element-18309b6e elementor-widget elementor-widget-image\" data-id=\"18309b6e\" data-element_type=\"widget\" data-widget_type=\"image.default\">\n\t\t\t\t<div class=\"elementor-widget-container\">\n\t\t\t\t\t\t\t\t\t\t\t\t\t<img decoding=\"async\" width=\"800\" height=\"600\" src=\"https:\/\/physioraluca.co.uk\/wp-content\/uploads\/2019\/06\/4.jpg\" class=\"attachment-large size-large wp-image-160\" alt=\"\" srcset=\"https:\/\/physioraluca.co.uk\/wp-content\/uploads\/2019\/06\/4.jpg 800w, https:\/\/physioraluca.co.uk\/wp-content\/uploads\/2019\/06\/4-300x225.jpg 300w, https:\/\/physioraluca.co.uk\/wp-content\/uploads\/2019\/06\/4-768x576.jpg 768w\" sizes=\"(max-width: 800px) 85vw, 800px\" \/>\t\t\t\t\t\t\t\t\t\t\t\t\t<\/div>\n\t\t\t\t<\/div>\n\t\t\t\t\t<\/div>\n\t\t<\/div>\n\t\t\t\t<div class=\"elementor-column elementor-col-50 elementor-top-column elementor-element elementor-element-5fb74c9e\" data-id=\"5fb74c9e\" data-element_type=\"column\" data-settings=\"{&quot;background_background&quot;:&quot;classic&quot;}\">\n\t\t\t<div class=\"elementor-widget-wrap elementor-element-populated\">\n\t\t\t\t\t\t<div class=\"elementor-element elementor-element-4912733f elementor-view-default elementor-widget elementor-widget-icon\" data-id=\"4912733f\" data-element_type=\"widget\" data-widget_type=\"icon.default\">\n\t\t\t\t<div class=\"elementor-widget-container\">\n\t\t\t\t\t<div class=\"elementor-icon-wrapper\">\n\t\t\t<div class=\"elementor-icon\">\n\t\t\t\t\t\t\t<i class=\"fa fa-graduation-cap\" aria-hidden=\"true\"><\/i>\n\t\t\t\t\t\t<\/div>\n\t\t<\/div>\n\t\t\t\t<\/div>\n\t\t\t\t<\/div>\n\t\t\t\t<div class=\"elementor-element elementor-element-72bf6190 elementor-widget elementor-widget-heading\" data-id=\"72bf6190\" data-element_type=\"widget\" data-widget_type=\"heading.default\">\n\t\t\t\t<div class=\"elementor-widget-container\">\n\t\t\t<h3 class=\"elementor-heading-title elementor-size-large\">Practica face perfect<\/h3>\t\t<\/div>\n\t\t\t\t<\/div>\n\t\t\t\t<div class=\"elementor-element elementor-element-2d8dafa elementor-widget elementor-widget-text-editor\" data-id=\"2d8dafa\" data-element_type=\"widget\" data-widget_type=\"text-editor.default\">\n\t\t\t\t<div class=\"elementor-widget-container\">\n\t\t\t\t\t\t\t<p>\u0218tim despre programul t\u0103u. \u0218tim, de asemenea, singurul mod de a \u00een\u021belege cu adev\u0103rat un subiect este prin practicarea \u00eentr-un mediu real. Acesta este motivul pentru care am stabilit o zon\u0103 de joac\u0103, care este plin de ore de exerci\u021bii, \u00eentreb\u0103ri \u0219i provoc\u0103ri. Ea are chiar \u0219i un gaming sec\u021biune.\u00a0<\/p>\t\t\t\t\t\t<\/div>\n\t\t\t\t<\/div>\n\t\t\t\t\t<\/div>\n\t\t<\/div>\n\t\t\t\t\t<\/div>\n\t\t<\/section>\n\t\t\t\t<section class=\"elementor-section elementor-top-section elementor-element elementor-element-432b6626 elementor-section-content-middle elementor-reverse-mobile elementor-section-boxed elementor-section-height-default elementor-section-height-default\" data-id=\"432b6626\" data-element_type=\"section\" data-settings=\"{&quot;background_background&quot;:&quot;classic&quot;}\">\n\t\t\t\t\t\t<div class=\"elementor-container elementor-column-gap-no\">\n\t\t\t\t\t<div class=\"elementor-column elementor-col-50 elementor-top-column elementor-element elementor-element-35e4db6c\" data-id=\"35e4db6c\" data-element_type=\"column\" data-settings=\"{&quot;background_background&quot;:&quot;classic&quot;}\">\n\t\t\t<div class=\"elementor-widget-wrap elementor-element-populated\">\n\t\t\t\t\t\t<div class=\"elementor-element elementor-element-2e59c92e elementor-view-default elementor-widget elementor-widget-icon\" data-id=\"2e59c92e\" data-element_type=\"widget\" data-widget_type=\"icon.default\">\n\t\t\t\t<div class=\"elementor-widget-container\">\n\t\t\t\t\t<div class=\"elementor-icon-wrapper\">\n\t\t\t<div class=\"elementor-icon\">\n\t\t\t\t\t\t\t<i class=\"fa fa-fort-awesome\" aria-hidden=\"true\"><\/i>\n\t\t\t\t\t\t<\/div>\n\t\t<\/div>\n\t\t\t\t<\/div>\n\t\t\t\t<\/div>\n\t\t\t\t<div class=\"elementor-element elementor-element-60802f4c elementor-widget elementor-widget-heading\" data-id=\"60802f4c\" data-element_type=\"widget\" data-widget_type=\"heading.default\">\n\t\t\t\t<div class=\"elementor-widget-container\">\n\t\t\t<h3 class=\"elementor-heading-title elementor-size-large\">Cel mai bun campus facilit\u0103\u021bi<\/h3>\t\t<\/div>\n\t\t\t\t<\/div>\n\t\t\t\t<div class=\"elementor-element elementor-element-2b7b01a4 elementor-widget elementor-widget-text-editor\" data-id=\"2b7b01a4\" data-element_type=\"widget\" data-widget_type=\"text-editor.default\">\n\t\t\t\t<div class=\"elementor-widget-container\">\n\t\t\t\t\t\t\t<p>\u00cen plus fa\u021b\u0103 de nostru de clas\u0103 on-line, oferim, de asemenea, o op\u021biune de a lua parte \u00eentr-o sal\u0103 de clas\u0103 \u00een direct. Aceasta are loc \u00een vasta noastr\u0103 campus situat \u00een Westfield din Londra. Aici ve\u021bi fi capabil de a utiliza cele mai up-to-data de facilit\u0103\u021bi \u0219i echipamente de calculator.<\/p>\t\t\t\t\t\t<\/div>\n\t\t\t\t<\/div>\n\t\t\t\t\t<\/div>\n\t\t<\/div>\n\t\t\t\t<div class=\"elementor-column elementor-col-50 elementor-top-column elementor-element elementor-element-301ac3f2\" data-id=\"301ac3f2\" data-element_type=\"column\">\n\t\t\t<div class=\"elementor-widget-wrap elementor-element-populated\">\n\t\t\t\t\t\t<div class=\"elementor-element elementor-element-5866f5e2 elementor-widget elementor-widget-image\" data-id=\"5866f5e2\" data-element_type=\"widget\" data-widget_type=\"image.default\">\n\t\t\t\t<div class=\"elementor-widget-container\">\n\t\t\t\t\t\t\t\t\t\t\t\t\t<img decoding=\"async\" width=\"800\" height=\"600\" src=\"https:\/\/physioraluca.co.uk\/wp-content\/uploads\/2019\/06\/3.jpg\" class=\"attachment-large size-large wp-image-158\" alt=\"\" srcset=\"https:\/\/physioraluca.co.uk\/wp-content\/uploads\/2019\/06\/3.jpg 800w, https:\/\/physioraluca.co.uk\/wp-content\/uploads\/2019\/06\/3-300x225.jpg 300w, https:\/\/physioraluca.co.uk\/wp-content\/uploads\/2019\/06\/3-768x576.jpg 768w\" sizes=\"(max-width: 800px) 85vw, 800px\" \/>\t\t\t\t\t\t\t\t\t\t\t\t\t<\/div>\n\t\t\t\t<\/div>\n\t\t\t\t\t<\/div>\n\t\t<\/div>\n\t\t\t\t\t<\/div>\n\t\t<\/section>\n\t\t\t\t<\/div>","protected":false},"excerpt":{"rendered":"<p>Who is it for? The course is aimed at anyone who wants to create websites on their own, and possibly work as a freelancer or employee in the field of web design and development. We cover everything, so even if you&#8217;ve never seen HTML code in your life, you&#8217;ll be able to quickly jump in. &hellip; <a href=\"https:\/\/physioraluca.co.uk\/ro\/physical-therapy-for-athletes\/\" class=\"more-link\">Continu\u0103 lectura<span class=\"screen-reader-text\"> &#8220;Physical Therapy for Athletes&#8221;<\/span><\/a><\/p>","protected":false},"author":1,"featured_media":0,"parent":0,"menu_order":0,"comment_status":"closed","ping_status":"closed","template":"","meta":{"footnotes":""},"class_list":["post-10","page","type-page","status-publish","hentry"],"_links":{"self":[{"href":"https:\/\/physioraluca.co.uk\/ro\/wp-json\/wp\/v2\/pages\/10","targetHints":{"allow":["GET"]}}],"collection":[{"href":"https:\/\/physioraluca.co.uk\/ro\/wp-json\/wp\/v2\/pages"}],"about":[{"href":"https:\/\/physioraluca.co.uk\/ro\/wp-json\/wp\/v2\/types\/page"}],"author":[{"embeddable":true,"href":"https:\/\/physioraluca.co.uk\/ro\/wp-json\/wp\/v2\/users\/1"}],"replies":[{"embeddable":true,"href":"https:\/\/physioraluca.co.uk\/ro\/wp-json\/wp\/v2\/comments?post=10"}],"version-history":[{"count":3,"href":"https:\/\/physioraluca.co.uk\/ro\/wp-json\/wp\/v2\/pages\/10\/revisions"}],"predecessor-version":[{"id":180,"href":"https:\/\/physioraluca.co.uk\/ro\/wp-json\/wp\/v2\/pages\/10\/revisions\/180"}],"wp:attachment":[{"href":"https:\/\/physioraluca.co.uk\/ro\/wp-json\/wp\/v2\/media?parent=10"}],"curies":[{"name":"wp","href":"https:\/\/api.w.org\/{rel}","templated":true}]}}